{"id":12,"date":"2015-12-04T19:27:43","date_gmt":"2015-12-04T18:27:43","guid":{"rendered":"http:\/\/schrottix.de\/?page_id=12"},"modified":"2025-04-06T11:59:33","modified_gmt":"2025-04-06T09:59:33","slug":"ueber-mich","status":"publish","type":"page","link":"https:\/\/schrottix.de\/?page_id=12","title":{"rendered":"\u00dcber mich"},"content":{"rendered":"<nav class=\"is-responsive wp-block-navigation is-layout-flex wp-block-navigation-is-layout-flex\" aria-label=\"Navigation\" \n\t\t data-wp-interactive=\"core\/navigation\" data-wp-context='{\"overlayOpenedBy\":{\"click\":false,\"hover\":false,\"focus\":false},\"type\":\"overlay\",\"roleAttribute\":\"\",\"ariaLabel\":\"Men\\u00fc\"}'><button aria-haspopup=\"dialog\" aria-label=\"Men\u00fc \u00f6ffnen\" class=\"wp-block-navigation__responsive-container-open\" \n\t\t\t\tdata-wp-on--click=\"actions.openMenuOnClick\"\n\t\t\t\tdata-wp-on--keydown=\"actions.handleMenuKeydown\"\n\t\t\t><svg width=\"24\" height=\"24\" xmlns=\"http:\/\/www.w3.org\/2000\/svg\" viewBox=\"0 0 24 24\" aria-hidden=\"true\" focusable=\"false\"><path d=\"M4 7.5h16v1.5H4z\"><\/path><path d=\"M4 15h16v1.5H4z\"><\/path><\/svg><\/button>\n\t\t\t\t<div class=\"wp-block-navigation__responsive-container\"  id=\"modal-1\" \n\t\t\t\tdata-wp-class--has-modal-open=\"state.isMenuOpen\"\n\t\t\t\tdata-wp-class--is-menu-open=\"state.isMenuOpen\"\n\t\t\t\tdata-wp-watch=\"callbacks.initMenu\"\n\t\t\t\tdata-wp-on--keydown=\"actions.handleMenuKeydown\"\n\t\t\t\tdata-wp-on--focusout=\"actions.handleMenuFocusout\"\n\t\t\t\ttabindex=\"-1\"\n\t\t\t>\n\t\t\t\t\t<div class=\"wp-block-navigation__responsive-close\" tabindex=\"-1\">\n\t\t\t\t\t\t<div class=\"wp-block-navigation__responsive-dialog\" \n\t\t\t\tdata-wp-bind--aria-modal=\"state.ariaModal\"\n\t\t\t\tdata-wp-bind--aria-label=\"state.ariaLabel\"\n\t\t\t\tdata-wp-bind--role=\"state.roleAttribute\"\n\t\t\t>\n\t\t\t\t\t\t\t<button aria-label=\"Men\u00fc schlie\u00dfen\" class=\"wp-block-navigation__responsive-container-close\" \n\t\t\t\tdata-wp-on--click=\"actions.closeMenuOnClick\"\n\t\t\t><svg xmlns=\"http:\/\/www.w3.org\/2000\/svg\" viewBox=\"0 0 24 24\" width=\"24\" height=\"24\" aria-hidden=\"true\" focusable=\"false\"><path d=\"m13.06 12 6.47-6.47-1.06-1.06L12 10.94 5.53 4.47 4.47 5.53 10.94 12l-6.47 6.47 1.06 1.06L12 13.06l6.47 6.47 1.06-1.06L13.06 12Z\"><\/path><\/svg><\/button>\n\t\t\t\t\t\t\t<div class=\"wp-block-navigation__responsive-container-content\" \n\t\t\t\tdata-wp-watch=\"callbacks.focusFirstElement\"\n\t\t\t id=\"modal-1-content\">\n\t\t\t\t\t\t\t\t<ul class=\"wp-block-navigation__container is-responsive wp-block-navigation\"><ul class=\"wp-block-page-list\"><li class=\"wp-block-pages-list__item wp-block-navigation-item open-on-hover-click\"><a class=\"wp-block-pages-list__item__link wp-block-navigation-item__content\" href=\"https:\/\/schrottix.de\/?page_id=241\">Ausstellungen<\/a><\/li><li class=\"wp-block-pages-list__item wp-block-navigation-item open-on-hover-click menu-item-home\"><a class=\"wp-block-pages-list__item__link wp-block-navigation-item__content\" href=\"https:\/\/schrottix.de\/\">Home<\/a><\/li><li class=\"wp-block-pages-list__item wp-block-navigation-item open-on-hover-click\"><a class=\"wp-block-pages-list__item__link wp-block-navigation-item__content\" href=\"https:\/\/schrottix.de\/?page_id=62\">Objekte<\/a><\/li><li class=\"wp-block-pages-list__item wp-block-navigation-item open-on-hover-click\"><a class=\"wp-block-pages-list__item__link wp-block-navigation-item__content\" href=\"https:\/\/schrottix.de\/?page_id=12\">\u00dcber mich<\/a><\/li><\/ul><\/ul>\n\t\t\t\t\t\t\t<\/div>\n\t\t\t\t\t\t<\/div>\n\t\t\t\t\t<\/div>\n\t\t\t\t<\/div><\/nav>\n\n\n<p>    <\/p>\n\n\n<p><a href=\"https:\/\/i0.wp.com\/schrottix.de\/wp-content\/uploads\/2015\/12\/IMG_0050.jpg?ssl=1\"><img data-recalc-dims=\"1\" loading=\"lazy\" decoding=\"async\" class=\"alignnone size-medium wp-image-29\" src=\"https:\/\/i0.wp.com\/schrottix.de\/wp-content\/uploads\/2015\/12\/IMG_0050.jpg?resize=744%2C992&#038;ssl=1\" alt=\"IMG_0050\" width=\"744\" height=\"992\" srcset=\"https:\/\/i0.wp.com\/schrottix.de\/wp-content\/uploads\/2015\/12\/IMG_0050.jpg?resize=744%2C992&amp;ssl=1 744w, https:\/\/i0.wp.com\/schrottix.de\/wp-content\/uploads\/2015\/12\/IMG_0050.jpg?resize=1200%2C1600&amp;ssl=1 1200w, https:\/\/i0.wp.com\/schrottix.de\/wp-content\/uploads\/2015\/12\/IMG_0050.jpg?resize=420%2C560&amp;ssl=1 420w, https:\/\/i0.wp.com\/schrottix.de\/wp-content\/uploads\/2015\/12\/IMG_0050.jpg?resize=768%2C1024&amp;ssl=1 768w, https:\/\/i0.wp.com\/schrottix.de\/wp-content\/uploads\/2015\/12\/IMG_0050.jpg?resize=1152%2C1536&amp;ssl=1 1152w, https:\/\/i0.wp.com\/schrottix.de\/wp-content\/uploads\/2015\/12\/IMG_0050.jpg?w=1536&amp;ssl=1 1536w\" sizes=\"auto, (max-width: 744px) 85vw, 744px\" \/><\/a><\/p>\n<p>&nbsp;<\/p>\n<p>Mein Name ist Siglinde Knestel. Geboren wurde ich 1957 in Schlachters bei Lindau. Schon in fr\u00fcher Kindheit sammelte ich verschiedene Materialien und verarbeitete diese auf diverse Arten. Von 1972 bis 1975 machte ich eine Lehre als Schaufenstergestalterin in Immenstadt. Diese T\u00e4tigkeit \u00fcbte ich \u00fcber 30 Jahre aus und machte nebenbei immer wieder Messedekorationen. Mit dem Schwei\u00dfen von Schrott-Objekten begann ich 1989.<\/p>\n<p><strong>Wichtige Eckdaten:<\/strong><\/p>\n<ul>\n<li>Teilnahme am Symposium in Maierh\u00f6fen f\u00fcr den Skulpturenweg mit der Fertigung eines Spinnennetzes im Jahr 2006<\/li>\n<li>1150Jahr-Feier der Stadt Lindenberg mit dem Objekt \u201eHommage an Lindenberg\u201c im Jahr 2007<\/li>\n<li>Einzel- und Gruppenausstellungen im Inland<\/li>\n<li>Mitglied des K\u00fcnstlerkreises Oberstaufen<\/li>\n<li>Mitglied der Arbeitsgruppe Skulpturenweg Maierh\u00f6fen<\/li>\n<\/ul>\n<p>Meine Faszination gilt dem verrosteten, ausgedienten Altmetall; \u00fcberhaupt Sachen, an denen schon der Zahn der Zeit genagt hat. Darunter fallen auch Schwemmholz, alte Keramik, Steine, gebrauchtes Werkzeug, ausrangierte Alltagsgegenst\u00e4nde, etc. Mir gef\u00e4llt, dass ich diesem \u201ealtem Gruscht\u201c durch meine eigene Zusammenstellung&nbsp; neues Leben einhauchen kann. Es macht mir unheimlich Freude, wenn ich beobachten darf, wie die Betrachter meiner Objekte mit den Augen auf die Reise gehen und den ein oder anderen Gegenstand wiedererkennen. Das ermutigt mich, weiterhin auf diese Weise kreativ zu sein.<\/p>\n<p><strong>Kontakt:<\/strong><\/p>\n<p>Siglinde Knestel, Bregenzer Stra\u00dfe 5A, 88171 Weiler-Simmerberg, info@schrottix.de<\/p>","protected":false},"excerpt":{"rendered":"<p>&nbsp; Mein Name ist Siglinde Knestel. Geboren wurde ich 1957 in Schlachters bei Lindau. Schon in fr\u00fcher Kindheit sammelte ich verschiedene Materialien und verarbeitete diese auf diverse Arten. Von 1972 bis 1975 machte ich eine Lehre als Schaufenstergestalterin in Immenstadt. Diese T\u00e4tigkeit \u00fcbte ich \u00fcber 30 Jahre aus und machte nebenbei immer wieder Messedekorationen. Mit &hellip; <a href=\"https:\/\/schrottix.de\/?page_id=12\" class=\"more-link\"><span class=\"screen-reader-text\">\u201e\u00dcber mich\u201c <\/span>weiterlesen<\/a><\/p>\n","protected":false},"author":1,"featured_media":0,"parent":0,"menu_order":0,"comment_status":"closed","ping_status":"closed","template":"","meta":{"ngg_post_thumbnail":0,"jetpack_post_was_ever_published":false,"footnotes":""},"class_list":["post-12","page","type-page","status-publish","hentry"],"jetpack_sharing_enabled":true,"jetpack_shortlink":"https:\/\/wp.me\/P679QX-c","_links":{"self":[{"href":"https:\/\/schrottix.de\/index.php?rest_route=\/wp\/v2\/pages\/12","targetHints":{"allow":["GET"]}}],"collection":[{"href":"https:\/\/schrottix.de\/index.php?rest_route=\/wp\/v2\/pages"}],"about":[{"href":"https:\/\/schrottix.de\/index.php?rest_route=\/wp\/v2\/types\/page"}],"author":[{"embeddable":true,"href":"https:\/\/schrottix.de\/index.php?rest_route=\/wp\/v2\/users\/1"}],"replies":[{"embeddable":true,"href":"https:\/\/schrottix.de\/index.php?rest_route=%2Fwp%2Fv2%2Fcomments&post=12"}],"version-history":[{"count":10,"href":"https:\/\/schrottix.de\/index.php?rest_route=\/wp\/v2\/pages\/12\/revisions"}],"predecessor-version":[{"id":250,"href":"https:\/\/schrottix.de\/index.php?rest_route=\/wp\/v2\/pages\/12\/revisions\/250"}],"wp:attachment":[{"href":"https:\/\/schrottix.de\/index.php?rest_route=%2Fwp%2Fv2%2Fmedia&parent=12"}],"curies":[{"name":"wp","href":"https:\/\/api.w.org\/{rel}","templated":true}]}}